{"id":14,"date":"2021-11-21T15:14:19","date_gmt":"2021-11-21T15:14:19","guid":{"rendered":"https:\/\/marimbula.de\/?page_id=14"},"modified":"2022-06-07T10:59:06","modified_gmt":"2022-06-07T10:59:06","slug":"about","status":"publish","type":"page","link":"https:\/\/marimbula.de\/?page_id=14","title":{"rendered":"About"},"content":{"rendered":"\t\t<div data-elementor-type=\"wp-page\" data-elementor-id=\"14\" class=\"elementor elementor-14\">\n\t\t\t\t\t\t\t\t\t<section class=\"elementor-section elementor-top-section elementor-element elementor-element-c8ddeb6 elementor-section-height-min-height elementor-section-boxed elementor-section-height-default elementor-section-items-middle\" data-id=\"c8ddeb6\" data-element_type=\"section\" data-settings=\"{&quot;background_background&quot;:&quot;classic&quot;}\">\n\t\t\t\t\t\t\t<div class=\"elementor-background-overlay\"><\/div>\n\t\t\t\t\t\t\t<div class=\"elementor-container elementor-column-gap-default\">\n\t\t\t\t\t<div class=\"elementor-column elementor-col-100 elementor-top-column elementor-element elementor-element-6a5337e\" data-id=\"6a5337e\" data-element_type=\"column\">\n\t\t\t<div class=\"elementor-widget-wrap elementor-element-populated\">\n\t\t\t\t\t\t\t\t<div class=\"elementor-element elementor-element-feefb6c elementor-widget elementor-widget-heading\" data-id=\"feefb6c\" data-element_type=\"widget\" data-widget_type=\"heading.default\">\n\t\t\t\t<div class=\"elementor-widget-container\">\n\t\t\t<style>\/*! elementor - v3.11.1 - 15-02-2023 *\/\n.elementor-heading-title{padding:0;margin:0;line-height:1}.elementor-widget-heading .elementor-heading-title[class*=elementor-size-]>a{color:inherit;font-size:inherit;line-height:inherit}.elementor-widget-heading .elementor-heading-title.elementor-size-small{font-size:15px}.elementor-widget-heading .elementor-heading-title.elementor-size-medium{font-size:19px}.elementor-widget-heading .elementor-heading-title.elementor-size-large{font-size:29px}.elementor-widget-heading .elementor-heading-title.elementor-size-xl{font-size:39px}.elementor-widget-heading .elementor-heading-title.elementor-size-xxl{font-size:59px}<\/style><h1 class=\"elementor-heading-title elementor-size-default\">Marimbula<br><\/h1>\t\t<\/div>\n\t\t\t\t<\/div>\n\t\t\t\t\t<\/div>\n\t\t<\/div>\n\t\t\t\t\t\t\t<\/div>\n\t\t<\/section>\n\t\t\t\t<section class=\"elementor-section elementor-top-section elementor-element elementor-element-034f786 elementor-section-boxed elementor-section-height-default elementor-section-height-default\" data-id=\"034f786\" data-element_type=\"section\">\n\t\t\t\t\t\t<div class=\"elementor-container elementor-column-gap-default\">\n\t\t\t\t\t<div class=\"elementor-column elementor-col-100 elementor-top-column elementor-element elementor-element-ba0c118\" data-id=\"ba0c118\" data-element_type=\"column\">\n\t\t\t<div class=\"elementor-widget-wrap elementor-element-populated\">\n\t\t\t\t\t\t\t\t<div class=\"elementor-element elementor-element-3dc998b elementor-widget elementor-widget-heading\" data-id=\"3dc998b\" data-element_type=\"widget\" data-widget_type=\"heading.default\">\n\t\t\t\t<div class=\"elementor-widget-container\">\n\t\t\t<h4 class=\"elementor-heading-title elementor-size-default\">Geschichte<\/h4>\t\t<\/div>\n\t\t\t\t<\/div>\n\t\t\t\t\t<\/div>\n\t\t<\/div>\n\t\t\t\t\t\t\t<\/div>\n\t\t<\/section>\n\t\t\t\t<section class=\"elementor-section elementor-top-section elementor-element elementor-element-e889fc3 elementor-section-boxed elementor-section-height-default elementor-section-height-default\" data-id=\"e889fc3\" data-element_type=\"section\" data-settings=\"{&quot;background_background&quot;:&quot;classic&quot;}\">\n\t\t\t\t\t\t<div class=\"elementor-container elementor-column-gap-default\">\n\t\t\t\t\t<div class=\"elementor-column elementor-col-33 elementor-top-column elementor-element elementor-element-3c8f4a8\" data-id=\"3c8f4a8\" data-element_type=\"column\">\n\t\t\t<div class=\"elementor-widget-wrap elementor-element-populated\">\n\t\t\t\t\t\t\t\t<div class=\"elementor-element elementor-element-9fdb291 elementor-widget elementor-widget-image\" data-id=\"9fdb291\" data-element_type=\"widget\" data-widget_type=\"image.default\">\n\t\t\t\t<div class=\"elementor-widget-container\">\n\t\t\t<style>\/*! elementor - v3.11.1 - 15-02-2023 *\/\n.elementor-widget-image{text-align:center}.elementor-widget-image a{display:inline-block}.elementor-widget-image a img[src$=\".svg\"]{width:48px}.elementor-widget-image img{vertical-align:middle;display:inline-block}<\/style>\t\t\t\t\t\t\t\t\t\t\t\t<img decoding=\"async\" width=\"768\" height=\"576\" src=\"https:\/\/marimbula.de\/wp-content\/uploads\/2022\/05\/IMG_0331-768x576.jpg\" class=\"attachment-medium_large size-medium_large wp-image-1513\" alt=\"\" loading=\"lazy\" srcset=\"https:\/\/marimbula.de\/wp-content\/uploads\/2022\/05\/IMG_0331-768x576.jpg 768w, https:\/\/marimbula.de\/wp-content\/uploads\/2022\/05\/IMG_0331-300x225.jpg 300w, https:\/\/marimbula.de\/wp-content\/uploads\/2022\/05\/IMG_0331-1024x768.jpg 1024w, https:\/\/marimbula.de\/wp-content\/uploads\/2022\/05\/IMG_0331-1536x1152.jpg 1536w, https:\/\/marimbula.de\/wp-content\/uploads\/2022\/05\/IMG_0331-2048x1536.jpg 2048w\" sizes=\"(max-width: 768px) 100vw, 768px\" \/>\t\t\t\t\t\t\t\t\t\t\t\t\t\t\t<\/div>\n\t\t\t\t<\/div>\n\t\t\t\t\t<\/div>\n\t\t<\/div>\n\t\t\t\t<div class=\"elementor-column elementor-col-33 elementor-top-column elementor-element elementor-element-ebb2ba7\" data-id=\"ebb2ba7\" data-element_type=\"column\">\n\t\t\t<div class=\"elementor-widget-wrap elementor-element-populated\">\n\t\t\t\t\t\t\t\t<section class=\"elementor-section elementor-inner-section elementor-element elementor-element-d762106 elementor-section-boxed elementor-section-height-default elementor-section-height-default\" data-id=\"d762106\" data-element_type=\"section\">\n\t\t\t\t\t\t<div class=\"elementor-container elementor-column-gap-default\">\n\t\t\t\t\t<div class=\"elementor-column elementor-col-100 elementor-inner-column elementor-element elementor-element-08ec54c\" data-id=\"08ec54c\" data-element_type=\"column\">\n\t\t\t<div class=\"elementor-widget-wrap elementor-element-populated\">\n\t\t\t\t\t\t\t\t<div class=\"elementor-element elementor-element-8fa3d11 elementor-widget elementor-widget-text-editor\" data-id=\"8fa3d11\" data-element_type=\"widget\" data-widget_type=\"text-editor.default\">\n\t\t\t\t<div class=\"elementor-widget-container\">\n\t\t\t<style>\/*! elementor - v3.11.1 - 15-02-2023 *\/\n.elementor-widget-text-editor.elementor-drop-cap-view-stacked .elementor-drop-cap{background-color:#818a91;color:#fff}.elementor-widget-text-editor.elementor-drop-cap-view-framed .elementor-drop-cap{color:#818a91;border:3px solid;background-color:transparent}.elementor-widget-text-editor:not(.elementor-drop-cap-view-default) .elementor-drop-cap{margin-top:8px}.elementor-widget-text-editor:not(.elementor-drop-cap-view-default) .elementor-drop-cap-letter{width:1em;height:1em}.elementor-widget-text-editor .elementor-drop-cap{float:left;text-align:center;line-height:1;font-size:50px}.elementor-widget-text-editor .elementor-drop-cap-letter{display:inline-block}<\/style>\t\t\t\t<p style=\"margin-bottom: 0px; font-style: normal; font-stretch: normal; font-size: 13px; line-height: normal; font-family: &quot;Helvetica Neue&quot;;\">Marimbula<\/p><p style=\"margin-bottom: 0px; font-style: normal; font-stretch: normal; font-size: 13px; line-height: normal; font-family: &quot;Helvetica Neue&quot;;\">Bass der Karibik<\/p><p style=\"margin-bottom: 0px; font-style: normal; font-stretch: normal; font-size: 13px; line-height: normal; font-family: &quot;Helvetica Neue&quot;; min-height: 15px;\"><br><\/p><p style=\"margin-bottom: 0px; font-style: normal; font-stretch: normal; font-size: 13px; line-height: normal; font-family: &quot;Helvetica Neue&quot;;\">Urspr\u00fcnglich ist die Marimbula aus der afrikanischen Kalimba entsprungen. Die Kalimba ist ein altes afrikanisches Melodieinstrument, welches man in den H\u00e4nden h\u00e4lt w\u00e4hrend man&nbsp; meist auf der Marimbula sitzt. Beide verbindet unterschiedliche gro\u00dfe&nbsp; Metallzungen die man zupft und durch ein Resonanzk\u00f6rper verst\u00e4rkt werden.&nbsp;<\/p><p style=\"margin-bottom: 0px; font-style: normal; font-stretch: normal; font-size: 13px; line-height: normal; font-family: &quot;Helvetica Neue&quot;;\">Die Marimbula dient hingegen als reines Begleitinstrument und hat meist die Form einer einfacher Holzkiste.&nbsp; Es ist \u00e4hnlich gro\u00df wie das urspr\u00fcnglich aus Peru stammende&nbsp; popul\u00e4re Cajon, jedoch hat es vorne keine Schlagfl\u00e4che sondern die besagten Metallzungen.<\/p><p style=\"margin-bottom: 0px; font-style: normal; font-stretch: normal; font-size: 13px; line-height: normal; font-family: &quot;Helvetica Neue&quot;; min-height: 15px;\"><br><\/p><p style=\"margin-bottom: 0px; font-style: normal; font-stretch: normal; font-size: 13px; line-height: normal; font-family: &quot;Helvetica Neue&quot;;\">In der erste H\u00e4lfte des 19.00 Jahrhundert entstand das Instrument auf Kuba. In den 20er Jahren gelangte die Marimbula in viele karibische Staaten und hat sich den jeweiligen musikalischen Gegebenheiten angepasst.&nbsp;<\/p><p style=\"margin-bottom: 0px; font-style: normal; font-stretch: normal; font-size: 13px; line-height: normal; font-family: &quot;Helvetica Neue&quot;; min-height: 15px;\"><br><\/p><p style=\"margin-bottom: 0px; font-style: normal; font-stretch: normal; font-size: 13px; line-height: normal; font-family: &quot;Helvetica Neue&quot;;\">In der Karibik wird die Marimbula auch Bass des kleinen Mannes genannt.<\/p><p style=\"margin-bottom: 0px; font-style: normal; font-stretch: normal; font-size: 13px; line-height: normal; font-family: &quot;Helvetica Neue&quot;;\">F\u00fcr mich ist sie in Deutschland der&nbsp; Bass f\u00fcr Percussionisten und Stra\u00dfenmusiker.<\/p><p style=\"margin-bottom: 0px; font-style: normal; font-stretch: normal; font-size: 13px; line-height: normal; font-family: &quot;Helvetica Neue&quot;;\">Das Potential der Marimbula ist gr\u00f6\u00dfer als man denkt. Auf jeden Fall mit dem richtigen Tuning.<\/p><p style=\"margin-bottom: 0px; font-style: normal; font-stretch: normal; font-size: 13px; line-height: normal; font-family: &quot;Helvetica Neue&quot;; min-height: 15px;\"><br><\/p><p style=\"margin-bottom: 0px; font-style: normal; font-stretch: normal; font-size: 13px; line-height: normal; font-family: &quot;Helvetica Neue&quot;;\">Gerade f\u00fcr Cajonspieler ist eine Herausforderung nicht nur den Bass zu schlagen, sondern ihn zu mit der einen Hand zu \u201ezupfen\u201c .&nbsp; Die andere Hand wird meist f\u00fcr rhythmische Patterns auf dem Korpus der Marimbula genutzt.&nbsp; So ist es z.B. auf Kuba oder in der dominikanischen Republik der Fall. Der kleine Bruder die Kalimba ist in den letzten Jahren popul\u00e4r geworden und hat&nbsp; einen festen Platz innerhalb der&nbsp; \u201egetunten\u201c Percussioninstrumente. Es w\u00e4re schade wenn die Marimbula weiterhin&nbsp;<\/p><p style=\"margin-bottom: 0px; font-style: normal; font-stretch: normal; font-size: 13px; line-height: normal; font-family: &quot;Helvetica Neue&quot;;\">ein Schattendasein in Deutschland bzw. Europa f\u00fchrt.&nbsp;<\/p><p style=\"margin-bottom: 0px; font-style: normal; font-stretch: normal; font-size: 13px; line-height: normal; font-family: &quot;Helvetica Neue&quot;;\">Bisher wird sie meist in pentatonischer Stimmung auf YouTube Videos f\u00fcr Solost\u00fccke verwendet, jedoch kaum in diatonischer Stimmung um zum Beispiel popul\u00e4re Songs zu begleiten.&nbsp;<\/p><p style=\"margin-bottom: 0px; font-style: normal; font-stretch: normal; font-size: 13px; line-height: normal; font-family: &quot;Helvetica Neue&quot;; min-height: 15px;\"><br><\/p>\t\t\t\t\t\t<\/div>\n\t\t\t\t<\/div>\n\t\t\t\t\t<\/div>\n\t\t<\/div>\n\t\t\t\t\t\t\t<\/div>\n\t\t<\/section>\n\t\t\t\t<div class=\"elementor-element elementor-element-14b6458 elementor-widget elementor-widget-image\" data-id=\"14b6458\" data-element_type=\"widget\" data-widget_type=\"image.default\">\n\t\t\t\t<div class=\"elementor-widget-container\">\n\t\t\t\t\t\t\t\t\t\t\t\t\t\t\t<img decoding=\"async\" src=\"https:\/\/marimbula.de\/wp-content\/uploads\/2021\/11\/quotes.svg\" class=\"attachment-full size-full wp-image-117\" alt=\"\" loading=\"lazy\" \/>\t\t\t\t\t\t\t\t\t\t\t\t\t\t\t<\/div>\n\t\t\t\t<\/div>\n\t\t\t\t<div class=\"elementor-element elementor-element-beb0353 elementor-widget elementor-widget-heading\" data-id=\"beb0353\" data-element_type=\"widget\" data-widget_type=\"heading.default\">\n\t\t\t\t<div class=\"elementor-widget-container\">\n\t\t\t<h4 class=\"elementor-heading-title elementor-size-default\">Marimbula - Percussion  &amp; Bass f\u00fcr den Singer- und Songwriter <\/h4>\t\t<\/div>\n\t\t\t\t<\/div>\n\t\t\t\t<div class=\"elementor-element elementor-element-4e74ae5 elementor-widget elementor-widget-image\" data-id=\"4e74ae5\" data-element_type=\"widget\" data-widget_type=\"image.default\">\n\t\t\t\t<div class=\"elementor-widget-container\">\n\t\t\t\t\t\t\t\t\t\t\t\t\t\t\t<img decoding=\"async\" width=\"600\" height=\"450\" src=\"https:\/\/marimbula.de\/wp-content\/uploads\/2022\/04\/5F449EF1-8B74-4688-BC96-004C4EC5EB85.jpeg\" class=\"attachment-full size-full wp-image-1049\" alt=\"\" loading=\"lazy\" srcset=\"https:\/\/marimbula.de\/wp-content\/uploads\/2022\/04\/5F449EF1-8B74-4688-BC96-004C4EC5EB85.jpeg 600w, https:\/\/marimbula.de\/wp-content\/uploads\/2022\/04\/5F449EF1-8B74-4688-BC96-004C4EC5EB85-300x225.jpeg 300w\" sizes=\"(max-width: 600px) 100vw, 600px\" \/>\t\t\t\t\t\t\t\t\t\t\t\t\t\t\t<\/div>\n\t\t\t\t<\/div>\n\t\t\t\t<div class=\"elementor-element elementor-element-ec91cfa elementor-widget elementor-widget-text-editor\" data-id=\"ec91cfa\" data-element_type=\"widget\" data-widget_type=\"text-editor.default\">\n\t\t\t\t<div class=\"elementor-widget-container\">\n\t\t\t\t\t\t\t\t\t\t\t\t\t<\/div>\n\t\t\t\t<\/div>\n\t\t\t\t\t<\/div>\n\t\t<\/div>\n\t\t\t\t<div class=\"elementor-column elementor-col-33 elementor-top-column elementor-element elementor-element-9e16007\" data-id=\"9e16007\" data-element_type=\"column\">\n\t\t\t<div class=\"elementor-widget-wrap elementor-element-populated\">\n\t\t\t\t\t\t\t\t<div class=\"elementor-element elementor-element-9a347b0 elementor-widget elementor-widget-image\" data-id=\"9a347b0\" data-element_type=\"widget\" data-widget_type=\"image.default\">\n\t\t\t\t<div class=\"elementor-widget-container\">\n\t\t\t\t\t\t\t\t\t\t\t\t\t\t\t<img decoding=\"async\" width=\"600\" height=\"450\" src=\"https:\/\/marimbula.de\/wp-content\/uploads\/2022\/04\/IMG_3273.jpg\" class=\"attachment-large size-large wp-image-1057\" alt=\"\" loading=\"lazy\" srcset=\"https:\/\/marimbula.de\/wp-content\/uploads\/2022\/04\/IMG_3273.jpg 600w, https:\/\/marimbula.de\/wp-content\/uploads\/2022\/04\/IMG_3273-300x225.jpg 300w, https:\/\/marimbula.de\/wp-content\/uploads\/2022\/04\/IMG_3273-120x90.jpg 120w\" sizes=\"(max-width: 600px) 100vw, 600px\" \/>\t\t\t\t\t\t\t\t\t\t\t\t\t\t\t<\/div>\n\t\t\t\t<\/div>\n\t\t\t\t\t<\/div>\n\t\t<\/div>\n\t\t\t\t\t\t\t<\/div>\n\t\t<\/section>\n\t\t\t\t\t\t\t<\/div>\n\t\t","protected":false},"excerpt":{"rendered":"<p>Marimbula Geschichte Marimbula Bass der Karibik Urspr\u00fcnglich ist die Marimbula aus der afrikanischen Kalimba entsprungen. Die Kalimba ist ein altes afrikanisches Melodieinstrument, welches man in den H\u00e4nden h\u00e4lt w\u00e4hrend man&nbsp; meist auf der Marimbula sitzt. Beide verbindet unterschiedliche gro\u00dfe&nbsp; Metallzungen die man zupft und durch ein Resonanzk\u00f6rper verst\u00e4rkt werden.&nbsp; Die Marimbula dient hingegen als reines &hellip;<\/p>\n<p class=\"read-more\"> <a class=\"\" href=\"https:\/\/marimbula.de\/?page_id=14\"> <span class=\"screen-reader-text\">About<\/span> Weiterlesen &raquo;<\/a><\/p>\n","protected":false},"author":1,"featured_media":0,"parent":0,"menu_order":0,"comment_status":"closed","ping_status":"closed","template":"","meta":{"site-sidebar-layout":"no-sidebar","site-content-layout":"page-builder","ast-global-header-display":"","ast-main-header-display":"","ast-hfb-above-header-display":"","ast-hfb-below-header-display":"","ast-hfb-mobile-header-display":"","site-post-title":"disabled","ast-breadcrumbs-content":"","ast-featured-img":"disabled","footer-sml-layout":"","theme-transparent-header-meta":"enabled","adv-header-id-meta":"","stick-header-meta":"","header-above-stick-meta":"","header-main-stick-meta":"","header-below-stick-meta":""},"_links":{"self":[{"href":"https:\/\/marimbula.de\/index.php?rest_route=\/wp\/v2\/pages\/14"}],"collection":[{"href":"https:\/\/marimbula.de\/index.php?rest_route=\/wp\/v2\/pages"}],"about":[{"href":"https:\/\/marimbula.de\/index.php?rest_route=\/wp\/v2\/types\/page"}],"author":[{"embeddable":true,"href":"https:\/\/marimbula.de\/index.php?rest_route=\/wp\/v2\/users\/1"}],"replies":[{"embeddable":true,"href":"https:\/\/marimbula.de\/index.php?rest_route=%2Fwp%2Fv2%2Fcomments&post=14"}],"version-history":[{"count":29,"href":"https:\/\/marimbula.de\/index.php?rest_route=\/wp\/v2\/pages\/14\/revisions"}],"predecessor-version":[{"id":1637,"href":"https:\/\/marimbula.de\/index.php?rest_route=\/wp\/v2\/pages\/14\/revisions\/1637"}],"wp:attachment":[{"href":"https:\/\/marimbula.de\/index.php?rest_route=%2Fwp%2Fv2%2Fmedia&parent=14"}],"curies":[{"name":"wp","href":"https:\/\/api.w.org\/{rel}","templated":true}]}}