{"id":15,"date":"2021-11-21T15:14:41","date_gmt":"2021-11-21T15:14:41","guid":{"rendered":"https:\/\/marimbula.de\/?page_id=15"},"modified":"2022-09-25T14:22:31","modified_gmt":"2022-09-25T14:22:31","slug":"services","status":"publish","type":"page","link":"https:\/\/marimbula.de\/?page_id=15","title":{"rendered":"Services"},"content":{"rendered":"\t\t<div data-elementor-type=\"wp-page\" data-elementor-id=\"15\" class=\"elementor elementor-15\">\n\t\t\t\t\t\t\t\t\t<section class=\"elementor-section elementor-top-section elementor-element elementor-element-83746e8 elementor-section-height-min-height elementor-section-boxed elementor-section-height-default elementor-section-items-middle\" data-id=\"83746e8\" data-element_type=\"section\" data-settings=\"{&quot;background_background&quot;:&quot;classic&quot;}\">\n\t\t\t\t\t\t\t<div class=\"elementor-background-overlay\"><\/div>\n\t\t\t\t\t\t\t<div class=\"elementor-container elementor-column-gap-default\">\n\t\t\t\t\t<div class=\"elementor-column elementor-col-100 elementor-top-column elementor-element elementor-element-09faee3\" data-id=\"09faee3\" data-element_type=\"column\">\n\t\t\t<div class=\"elementor-widget-wrap elementor-element-populated\">\n\t\t\t\t\t\t\t\t<div class=\"elementor-element elementor-element-c7152a9 elementor-widget elementor-widget-heading\" data-id=\"c7152a9\" data-element_type=\"widget\" data-widget_type=\"heading.default\">\n\t\t\t\t<div class=\"elementor-widget-container\">\n\t\t\t<style>\/*! elementor - v3.11.1 - 15-02-2023 *\/\n.elementor-heading-title{padding:0;margin:0;line-height:1}.elementor-widget-heading .elementor-heading-title[class*=elementor-size-]>a{color:inherit;font-size:inherit;line-height:inherit}.elementor-widget-heading .elementor-heading-title.elementor-size-small{font-size:15px}.elementor-widget-heading .elementor-heading-title.elementor-size-medium{font-size:19px}.elementor-widget-heading .elementor-heading-title.elementor-size-large{font-size:29px}.elementor-widget-heading .elementor-heading-title.elementor-size-xl{font-size:39px}.elementor-widget-heading .elementor-heading-title.elementor-size-xxl{font-size:59px}<\/style><h1 class=\"elementor-heading-title elementor-size-default\">Workshop<\/h1>\t\t<\/div>\n\t\t\t\t<\/div>\n\t\t\t\t\t<\/div>\n\t\t<\/div>\n\t\t\t\t\t\t\t<\/div>\n\t\t<\/section>\n\t\t\t\t<section class=\"elementor-section elementor-top-section elementor-element elementor-element-a92bf94 elementor-section-boxed elementor-section-height-default elementor-section-height-default\" data-id=\"a92bf94\" data-element_type=\"section\">\n\t\t\t\t\t\t<div class=\"elementor-container elementor-column-gap-default\">\n\t\t\t\t\t<div class=\"elementor-column elementor-col-50 elementor-top-column elementor-element elementor-element-f485586\" data-id=\"f485586\" data-element_type=\"column\">\n\t\t\t<div class=\"elementor-widget-wrap elementor-element-populated\">\n\t\t\t\t\t\t\t\t<div class=\"elementor-element elementor-element-b5d284b elementor-widget elementor-widget-image\" data-id=\"b5d284b\" data-element_type=\"widget\" data-widget_type=\"image.default\">\n\t\t\t\t<div class=\"elementor-widget-container\">\n\t\t\t<style>\/*! elementor - v3.11.1 - 15-02-2023 *\/\n.elementor-widget-image{text-align:center}.elementor-widget-image a{display:inline-block}.elementor-widget-image a img[src$=\".svg\"]{width:48px}.elementor-widget-image img{vertical-align:middle;display:inline-block}<\/style>\t\t\t\t\t\t\t\t\t\t\t\t<img decoding=\"async\" width=\"600\" height=\"450\" src=\"https:\/\/marimbula.de\/wp-content\/uploads\/2022\/05\/A2156607-F972-42BE-BFD8-C11D584FE3C2.jpeg\" class=\"attachment-large size-large wp-image-1580\" alt=\"\" loading=\"lazy\" srcset=\"https:\/\/marimbula.de\/wp-content\/uploads\/2022\/05\/A2156607-F972-42BE-BFD8-C11D584FE3C2.jpeg 600w, https:\/\/marimbula.de\/wp-content\/uploads\/2022\/05\/A2156607-F972-42BE-BFD8-C11D584FE3C2-300x225.jpeg 300w\" sizes=\"(max-width: 600px) 100vw, 600px\" \/>\t\t\t\t\t\t\t\t\t\t\t\t\t\t\t<\/div>\n\t\t\t\t<\/div>\n\t\t\t\t<div class=\"elementor-element elementor-element-1cdad56 elementor-widget elementor-widget-text-editor\" data-id=\"1cdad56\" data-element_type=\"widget\" data-widget_type=\"text-editor.default\">\n\t\t\t\t<div class=\"elementor-widget-container\">\n\t\t\t<style>\/*! elementor - v3.11.1 - 15-02-2023 *\/\n.elementor-widget-text-editor.elementor-drop-cap-view-stacked .elementor-drop-cap{background-color:#818a91;color:#fff}.elementor-widget-text-editor.elementor-drop-cap-view-framed .elementor-drop-cap{color:#818a91;border:3px solid;background-color:transparent}.elementor-widget-text-editor:not(.elementor-drop-cap-view-default) .elementor-drop-cap{margin-top:8px}.elementor-widget-text-editor:not(.elementor-drop-cap-view-default) .elementor-drop-cap-letter{width:1em;height:1em}.elementor-widget-text-editor .elementor-drop-cap{float:left;text-align:center;line-height:1;font-size:50px}.elementor-widget-text-editor .elementor-drop-cap-letter{display:inline-block}<\/style>\t\t\t\t<p>&nbsp; &nbsp; &nbsp; &nbsp; &nbsp; &nbsp; &nbsp; &nbsp; &nbsp; &nbsp; Anordnung der Zungen vom Spieler gesehen<\/p>\t\t\t\t\t\t<\/div>\n\t\t\t\t<\/div>\n\t\t\t\t\t<\/div>\n\t\t<\/div>\n\t\t\t\t<div class=\"elementor-column elementor-col-50 elementor-top-column elementor-element elementor-element-7d00c84\" data-id=\"7d00c84\" data-element_type=\"column\">\n\t\t\t<div class=\"elementor-widget-wrap elementor-element-populated\">\n\t\t\t\t\t\t\t\t<div class=\"elementor-element elementor-element-8ce1b85 elementor-widget elementor-widget-heading\" data-id=\"8ce1b85\" data-element_type=\"widget\" data-widget_type=\"heading.default\">\n\t\t\t\t<div class=\"elementor-widget-container\">\n\t\t\t<h4 class=\"elementor-heading-title elementor-size-default\">C- Dur Tuning<\/h4>\t\t<\/div>\n\t\t\t\t<\/div>\n\t\t\t\t<div class=\"elementor-element elementor-element-f06fcd5 elementor-widget elementor-widget-text-editor\" data-id=\"f06fcd5\" data-element_type=\"widget\" data-widget_type=\"text-editor.default\">\n\t\t\t\t<div class=\"elementor-widget-container\">\n\t\t\t\t\t\t\t<h6>Im Workshop ist die Marimbula\u00a0diatonisch in C- Dur gestimmt.<br \/>Mit dieser Stimmung kann man viele unterschiedliche Akkorde spielen. S\u00e4mtliche T\u00f6ne der Marimbula habe ich abgebildet. Die fett gedruckten T\u00f6ne sind die vorher genannten Akkorde<br \/>Akkorde<br \/>Rechte Seite Marimbula:<br \/>C DUR: cAFD<b>CEG<\/b>H<br \/>E-Moll: cAFDC<b>EGH<br \/><\/b>Linke Seite Marimbula:<br \/>D- Moll: c<b>AFD<\/b>CEGH<br \/>F- Dur: <b>cAF<\/b>DCEGH<br \/>Die Terzen folgender Akkorde liegen noch dicht.<br \/>A- Moll AC<br \/>G- Dur GH<br \/>Bei folgenden Quinten (Tonartenunabh\u00e4ngig) \u00fcberspringt man eine Lamelle<br \/>C: cAFD<b>C<\/b>E<b>G<\/b>H<br \/>E: EH. cAFDC<b>E<\/b>G<b>H<br \/><\/b>D: DA\u00a0 c<b>A<\/b>F<b>D<\/b>CEGH<br \/>F: Fc\u00a0 <b>c<\/b>A<b>F<\/b>DCEGH<br \/>Einzelne T\u00f6ne Sind nur noch bei folgenden Akkorden m\u00f6glich<br \/>Dur:<br \/>Cis\u00a0 bzw, C# Dur:\u00a0 C<br \/>Es\u00a0 bzw. Eb Dur: G<br \/>Moll:<br \/>Fis bzw. F# Moll: G<br \/>Aes bzw. Ab Moll : H<br \/>B- Moll :\u00a0 F<br \/>Nicht abgebildet werden kann<br \/>Es bzw. Eb Moll.<\/h6><p style=\"margin-bottom: 0px; font-style: normal; font-stretch: normal; font-size: 13px; line-height: normal; font-family: 'Helvetica Neue'; min-height: 15px;\">\u00a0<\/p>\t\t\t\t\t\t<\/div>\n\t\t\t\t<\/div>\n\t\t\t\t<div class=\"elementor-element elementor-element-6e85753 elementor-widget elementor-widget-button\" data-id=\"6e85753\" data-element_type=\"widget\" data-widget_type=\"button.default\">\n\t\t\t\t<div class=\"elementor-widget-container\">\n\t\t\t\t\t<div class=\"elementor-button-wrapper\">\n\t\t\t<a href=\"#\" class=\"elementor-button-link elementor-button elementor-size-sm\" role=\"button\">\n\t\t\t\t\t\t<span class=\"elementor-button-content-wrapper\">\n\t\t\t\t\t\t<span class=\"elementor-button-text\">Start a Project<\/span>\n\t\t<\/span>\n\t\t\t\t\t<\/a>\n\t\t<\/div>\n\t\t\t\t<\/div>\n\t\t\t\t<\/div>\n\t\t\t\t\t<\/div>\n\t\t<\/div>\n\t\t\t\t\t\t\t<\/div>\n\t\t<\/section>\n\t\t\t\t<section class=\"elementor-section elementor-top-section elementor-element elementor-element-81b0575 elementor-section-boxed elementor-section-height-default elementor-section-height-default\" data-id=\"81b0575\" data-element_type=\"section\">\n\t\t\t\t\t\t<div class=\"elementor-container elementor-column-gap-default\">\n\t\t\t\t\t<div class=\"elementor-column elementor-col-50 elementor-top-column elementor-element elementor-element-15cfb90\" data-id=\"15cfb90\" data-element_type=\"column\">\n\t\t\t<div class=\"elementor-widget-wrap elementor-element-populated\">\n\t\t\t\t\t\t\t\t<div class=\"elementor-element elementor-element-a26d886 elementor-widget elementor-widget-image\" data-id=\"a26d886\" data-element_type=\"widget\" data-widget_type=\"image.default\">\n\t\t\t\t<div class=\"elementor-widget-container\">\n\t\t\t\t\t\t\t\t\t\t\t\t\t\t\t<img decoding=\"async\" src=\"https:\/\/marimbula.de\/wp-content\/uploads\/2022\/06\/EL-AYUDA-1.tiff\" class=\"attachment-full size-full wp-image-1666\" alt=\"\" loading=\"lazy\" \/>\t\t\t\t\t\t\t\t\t\t\t\t\t\t\t<\/div>\n\t\t\t\t<\/div>\n\t\t\t\t\t<\/div>\n\t\t<\/div>\n\t\t\t\t<div class=\"elementor-column elementor-col-50 elementor-top-column elementor-element elementor-element-97c09ce\" data-id=\"97c09ce\" data-element_type=\"column\">\n\t\t\t<div class=\"elementor-widget-wrap elementor-element-populated\">\n\t\t\t\t\t\t\t\t<div class=\"elementor-element elementor-element-ec66586 elementor-widget elementor-widget-heading\" data-id=\"ec66586\" data-element_type=\"widget\" data-widget_type=\"heading.default\">\n\t\t\t\t<div class=\"elementor-widget-container\">\n\t\t\t<div class=\"elementor-heading-title elementor-size-default\">Technik<\/div>\t\t<\/div>\n\t\t\t\t<\/div>\n\t\t\t\t<div class=\"elementor-element elementor-element-0f3a961 elementor-widget elementor-widget-text-editor\" data-id=\"0f3a961\" data-element_type=\"widget\" data-widget_type=\"text-editor.default\">\n\t\t\t\t<div class=\"elementor-widget-container\">\n\t\t\t\t\t\t\t<p style=\"font-size: 13px; font-style: normal; margin-bottom: 0px; font-stretch: normal; line-height: normal; font-family: 'Helvetica Neue';\">\n<\/p><h6>Die Marimbulatechnik ist ziemlich einfach.&nbsp;<br>Die Zungen werden mit dem Zeige- oder Ringfinger gezupft. Die rechte Hand zupft und die linke Hand trommelt. Beim Linksh\u00e4nder trommelt die rechte Hand und die linke zupft. Zus\u00e4tzlich k\u00f6nnen auch beide H\u00e4nde rein perkussiv eingesetzt werden.&nbsp;<br>In einigen Songs oder Musikstilen spielen beide H\u00e4nde die Zungen. Dieses h\u00e4ngt von der Komplexit\u00e4t der Bassfigur ab und ob noch andere Percussionisten mitspielen.&nbsp;<br>Au\u00dferdem k\u00f6nnen die Lamellen auch mit einem Stick oder anderen Gegenst\u00e4nden gespielt werden (Foto: Marimbalero &nbsp;mit Kamm). Dadurch werden die Finger nicht so belastet und es ergeben sich andere Soundm\u00f6glichkeiten und meist l\u00e4sst sich dadurch die Lautst\u00e4rke erh\u00f6hen. Jedoch klingt eine gezupfte Marimbula am besten.<\/h6>\n<p style=\"font-size: 13px; font-style: normal; margin-bottom: 0px; font-stretch: normal; line-height: normal; font-family: 'Helvetica Neue';\">\n<\/p><p style=\"font-size: 13px; font-style: normal; margin-bottom: 0px; font-stretch: normal; line-height: normal; font-family: 'Helvetica Neue';\">\n<\/p><p style=\"font-size: 13px; font-style: normal; margin-bottom: 0px; font-stretch: normal; line-height: normal; font-family: 'Helvetica Neue';\">\n<\/p><p style=\"font-size: 13px; font-style: normal; margin-bottom: 0px; font-stretch: normal; line-height: normal; font-family: 'Helvetica Neue';\">\n<\/p><p style=\"font-size: 13px; font-style: normal; margin-bottom: 0px; font-stretch: normal; line-height: normal; font-family: 'Helvetica Neue';\">\n<\/p><p style=\"font-size: 13px; font-style: normal; margin-bottom: 0px; font-stretch: normal; line-height: normal; font-family: 'Helvetica Neue';\">\n<\/p><p style=\"font-size: 13px; font-style: normal; margin-bottom: 0px; font-stretch: normal; line-height: normal; font-family: 'Helvetica Neue';\">\n<\/p><p style=\"font-size: 13px; font-style: normal; margin-bottom: 0px; font-stretch: normal; line-height: normal; font-family: 'Helvetica Neue';\">\n<\/p><p style=\"font-size: 13px; font-style: normal; margin-bottom: 0px; font-stretch: normal; line-height: normal; font-family: 'Helvetica Neue';\">\n<\/p>\t\t\t\t\t\t<\/div>\n\t\t\t\t<\/div>\n\t\t\t\t<div class=\"elementor-element elementor-element-32a78d2 elementor-widget elementor-widget-text-editor\" data-id=\"32a78d2\" data-element_type=\"widget\" data-widget_type=\"text-editor.default\">\n\t\t\t\t<div class=\"elementor-widget-container\">\n\t\t\t\t\t\t\t\t\t\t\t\t\t<\/div>\n\t\t\t\t<\/div>\n\t\t\t\t<div class=\"elementor-element elementor-element-cbd535e elementor-widget elementor-widget-heading\" data-id=\"cbd535e\" data-element_type=\"widget\" data-widget_type=\"heading.default\">\n\t\t\t\t<div class=\"elementor-widget-container\">\n\t\t\t<h3 class=\"elementor-heading-title elementor-size-default\">Klassische Marimbula Grooves<\/h3>\t\t<\/div>\n\t\t\t\t<\/div>\n\t\t\t\t<div class=\"elementor-element elementor-element-bb79962 elementor-widget elementor-widget-text-editor\" data-id=\"bb79962\" data-element_type=\"widget\" data-widget_type=\"text-editor.default\">\n\t\t\t\t<div class=\"elementor-widget-container\">\n\t\t\t\t\t\t\t<p>Es gibt ein paar klassische Marimbula Grooves, die ich im folgenden vorstelle: Changui, Son, Merengue und Mento.\u00a0<\/p>\t\t\t\t\t\t<\/div>\n\t\t\t\t<\/div>\n\t\t\t\t<div class=\"elementor-element elementor-element-1577042 elementor-widget elementor-widget-text-editor\" data-id=\"1577042\" data-element_type=\"widget\" data-widget_type=\"text-editor.default\">\n\t\t\t\t<div class=\"elementor-widget-container\">\n\t\t\t\t\t\t\t\t\t\t\t\t\t<\/div>\n\t\t\t\t<\/div>\n\t\t\t\t<div class=\"elementor-element elementor-element-57cdccd elementor-widget elementor-widget-button\" data-id=\"57cdccd\" data-element_type=\"widget\" data-widget_type=\"button.default\">\n\t\t\t\t<div class=\"elementor-widget-container\">\n\t\t\t\t\t<div class=\"elementor-button-wrapper\">\n\t\t\t<a href=\"#\" class=\"elementor-button-link elementor-button elementor-size-sm\" role=\"button\">\n\t\t\t\t\t\t<span class=\"elementor-button-content-wrapper\">\n\t\t\t\t\t\t<span class=\"elementor-button-text\">Start a Project<\/span>\n\t\t<\/span>\n\t\t\t\t\t<\/a>\n\t\t<\/div>\n\t\t\t\t<\/div>\n\t\t\t\t<\/div>\n\t\t\t\t\t<\/div>\n\t\t<\/div>\n\t\t\t\t\t\t\t<\/div>\n\t\t<\/section>\n\t\t\t\t<section class=\"elementor-section elementor-top-section elementor-element elementor-element-b6186b4 elementor-section-boxed elementor-section-height-default elementor-section-height-default\" data-id=\"b6186b4\" data-element_type=\"section\" data-settings=\"{&quot;background_background&quot;:&quot;classic&quot;}\">\n\t\t\t\t\t\t<div class=\"elementor-container elementor-column-gap-default\">\n\t\t\t\t\t<div class=\"elementor-column elementor-col-100 elementor-top-column elementor-element elementor-element-82668e3\" data-id=\"82668e3\" data-element_type=\"column\">\n\t\t\t<div class=\"elementor-widget-wrap elementor-element-populated\">\n\t\t\t\t\t\t\t\t<div class=\"elementor-element elementor-element-2449e1e elementor-widget elementor-widget-heading\" data-id=\"2449e1e\" data-element_type=\"widget\" data-widget_type=\"heading.default\">\n\t\t\t\t<div class=\"elementor-widget-container\">\n\t\t\t<h4 class=\"elementor-heading-title elementor-size-default\">Changui<\/h4>\t\t<\/div>\n\t\t\t\t<\/div>\n\t\t\t\t<div class=\"elementor-element elementor-element-18dff64 elementor-widget elementor-widget-text-editor\" data-id=\"18dff64\" data-element_type=\"widget\" data-widget_type=\"text-editor.default\">\n\t\t\t\t<div class=\"elementor-widget-container\">\n\t\t\t\t\t\t\t<p>Es folgen &nbsp;6\/8 Rhythmen , P= Palm bzw, li Handfl\u00e4che haut auf Korpus, O= Ton, F= Finger, D= Daumen.&nbsp;<\/p>\t\t\t\t\t\t<\/div>\n\t\t\t\t<\/div>\n\t\t\t\t<div class=\"elementor-element elementor-element-0d78433 elementor-widget elementor-widget-text-editor\" data-id=\"0d78433\" data-element_type=\"widget\" data-widget_type=\"text-editor.default\">\n\t\t\t\t<div class=\"elementor-widget-container\">\n\t\t\t\t\t\t\t<p><\/p>\n<p><\/p>\n<p>Basic 1<\/p>\n<p><span style=\"font-style: inherit; background-color: var( --e-global-color-astglobalcolor4 ); color: var(--ast-global-color-3);\">Z\u00e4hlzeit: &nbsp; &nbsp; &nbsp; &nbsp; &nbsp; &nbsp;1 &nbsp;2 &nbsp;3 &nbsp;4 &nbsp;5 &nbsp;6 &nbsp;1 &nbsp;2 &nbsp;3 &nbsp;4 &nbsp;5 &nbsp;6&nbsp;<\/span><\/p>\n<p><span style=\"color: var(--ast-global-color-3); font-style: inherit; background-color: var( --e-global-color-astglobalcolor4 );\">Rechte &nbsp;Hand: &nbsp; &nbsp; &nbsp; &nbsp; &nbsp; &nbsp; &nbsp; &nbsp; &nbsp;O O &nbsp; &nbsp; &nbsp; &nbsp; &nbsp; &nbsp; &nbsp; &nbsp; &nbsp;O O<\/span><\/p>\n<p>Linke Hand : &nbsp; &nbsp; P &nbsp; &nbsp; &nbsp; &nbsp; &nbsp;P &nbsp; &nbsp; &nbsp; &nbsp; &nbsp;P &nbsp; &nbsp; &nbsp; &nbsp; &nbsp;P<\/p>\n<p><\/p>\n<p style=\"font-size: 18px; font-style: normal;\">\n<\/p><p style=\"font-size: 18px; font-style: normal;\">\n<\/p><p style=\"font-size: 18px; font-style: normal;\">Basic 2<\/p>\n<p style=\"font-size: 18px; font-style: normal;\">Z\u00e4hlzeit: &nbsp; &nbsp; &nbsp; &nbsp; &nbsp; &nbsp;1 &nbsp;2 &nbsp;3 &nbsp;4 &nbsp;5 &nbsp;6 &nbsp;1 &nbsp;2 &nbsp;3 &nbsp;4 &nbsp;5 &nbsp;6&nbsp;<\/p>\n<p style=\"font-size: 18px; font-style: normal;\"><span style=\"color: var(--ast-global-color-3); font-style: inherit; background-color: var( --e-global-color-astglobalcolor4 );\">Rechte &nbsp;Hand: &nbsp; &nbsp; F &nbsp;D &nbsp; &nbsp; &nbsp;O O &nbsp; &nbsp; F &nbsp;D &nbsp; &nbsp; &nbsp;O O<\/span><\/p>\n<p style=\"font-size: 18px; font-style: normal;\">Linke Hand : &nbsp; &nbsp; P &nbsp; &nbsp; &nbsp; &nbsp; &nbsp;P &nbsp; &nbsp; &nbsp; &nbsp; &nbsp;P &nbsp; &nbsp; &nbsp; &nbsp; &nbsp;P<\/p>\n<p style=\"font-size: 18px; font-style: normal;\">\n<\/p><p><br><\/p><p>Bongo Technik &nbsp;F= Finger auf Metallzunge, D= Daumen auf Holz<\/p>\n<p><\/p>\n<p>O= Ton + Tonh\u00f6he&nbsp;<\/p>\n<p><\/p>\n<p>Variation 1<\/p>\n<p>Z\u00e4hlzeit &nbsp; &nbsp; &nbsp; &nbsp; &nbsp;1 &nbsp;2 &nbsp;3 &nbsp;4 &nbsp; 5 &nbsp; &nbsp;6 &nbsp; &nbsp; 1 &nbsp; &nbsp;2 3 4 5 6<\/p>\n<p>Rechte Hand &nbsp; &nbsp;F &nbsp;T &nbsp; &nbsp; &nbsp; OC OC &nbsp; &nbsp; OG &nbsp;OG<\/p>\n<p>Linke Hand: &nbsp; P &nbsp; &nbsp; &nbsp; &nbsp; P &nbsp; &nbsp; &nbsp; &nbsp; &nbsp; &nbsp; &nbsp; &nbsp; &nbsp;P &nbsp; &nbsp; &nbsp;P<\/p>\n<p><\/p>\n<p><br><\/p><p>Variation 2 \u00fcber 4 Takte<\/p>\n<p>Z\u00e4hlzeit &nbsp; &nbsp; &nbsp; &nbsp; 1 2 3 4 5 6 1 2 3 4 5 6<\/p>\n<p>Rechte HandFD OC OC OC<\/p>\n<p>Linke HandPPPP<\/p>\n<p>Z\u00e4hlzeit 1 2 3 4 5 6 1 2 3 4 5 6<\/p>\n<p>Rechte Hand OC O G OG F D OG OG<\/p>\n<p>Linke HandPPPP<\/p>\n<p><\/p>\n<p>Variation 3<\/p>\n<p>Z\u00e4hlzeit 1 2 3 4 5 6 1 2 3 4 5 6<\/p>\n<p>Rechte Hand F D OC OC OE OG OG<\/p>\n<p>Linke HandPPPP<\/p>\n<p><\/p>\n<p>Variation 4<\/p>\n<p>Z\u00e4hlzeit 1 2 3 4 5 6 1 2 3 4 5 6<\/p>\n<p>Rechte HandFDOCOCOEOEOGOGOG<\/p>\n<p>Linke HandPPPP<\/p>\n<p><\/p>\t\t\t\t\t\t<\/div>\n\t\t\t\t<\/div>\n\t\t\t\t<div class=\"elementor-element elementor-element-c4c9e42 elementor-widget elementor-widget-text-editor\" data-id=\"c4c9e42\" data-element_type=\"widget\" data-widget_type=\"text-editor.default\">\n\t\t\t\t<div class=\"elementor-widget-container\">\n\t\t\t\t\t\t\t<p>The badges illustrate this.\u00a0 We also focus on key benefits they will get while using our services, namely quick turnaround times and dedicated support. You could also use them to show awards you won for your best work.<\/p>\t\t\t\t\t\t<\/div>\n\t\t\t\t<\/div>\n\t\t\t\t\t<\/div>\n\t\t<\/div>\n\t\t\t\t\t\t\t<\/div>\n\t\t<\/section>\n\t\t\t\t\t\t\t<\/div>\n\t\t","protected":false},"excerpt":{"rendered":"<p>Workshop &nbsp; &nbsp; &nbsp; &nbsp; &nbsp; &nbsp; &nbsp; &nbsp; &nbsp; &nbsp; Anordnung der Zungen vom Spieler gesehen C- Dur Tuning Im Workshop ist die Marimbula\u00a0diatonisch in C- Dur gestimmt.Mit dieser Stimmung kann man viele unterschiedliche Akkorde spielen. S\u00e4mtliche T\u00f6ne der Marimbula habe ich abgebildet. Die fett gedruckten T\u00f6ne sind die vorher genannten AkkordeAkkordeRechte Seite Marimbula:C &hellip;<\/p>\n<p class=\"read-more\"> <a class=\"\" href=\"https:\/\/marimbula.de\/?page_id=15\"> <span class=\"screen-reader-text\">Services<\/span> Weiterlesen &raquo;<\/a><\/p>\n","protected":false},"author":1,"featured_media":0,"parent":0,"menu_order":0,"comment_status":"closed","ping_status":"closed","template":"","meta":{"site-sidebar-layout":"no-sidebar","site-content-layout":"page-builder","ast-global-header-display":"","ast-main-header-display":"","ast-hfb-above-header-display":"","ast-hfb-below-header-display":"","ast-hfb-mobile-header-display":"","site-post-title":"disabled","ast-breadcrumbs-content":"","ast-featured-img":"disabled","footer-sml-layout":"","theme-transparent-header-meta":"enabled","adv-header-id-meta":"","stick-header-meta":"","header-above-stick-meta":"","header-main-stick-meta":"","header-below-stick-meta":""},"_links":{"self":[{"href":"https:\/\/marimbula.de\/index.php?rest_route=\/wp\/v2\/pages\/15"}],"collection":[{"href":"https:\/\/marimbula.de\/index.php?rest_route=\/wp\/v2\/pages"}],"about":[{"href":"https:\/\/marimbula.de\/index.php?rest_route=\/wp\/v2\/types\/page"}],"author":[{"embeddable":true,"href":"https:\/\/marimbula.de\/index.php?rest_route=\/wp\/v2\/users\/1"}],"replies":[{"embeddable":true,"href":"https:\/\/marimbula.de\/index.php?rest_route=%2Fwp%2Fv2%2Fcomments&post=15"}],"version-history":[{"count":51,"href":"https:\/\/marimbula.de\/index.php?rest_route=\/wp\/v2\/pages\/15\/revisions"}],"predecessor-version":[{"id":1735,"href":"https:\/\/marimbula.de\/index.php?rest_route=\/wp\/v2\/pages\/15\/revisions\/1735"}],"wp:attachment":[{"href":"https:\/\/marimbula.de\/index.php?rest_route=%2Fwp%2Fv2%2Fmedia&parent=15"}],"curies":[{"name":"wp","href":"https:\/\/api.w.org\/{rel}","templated":true}]}}